{"id":149,"date":"2016-12-05T07:28:38","date_gmt":"2016-12-05T06:28:38","guid":{"rendered":"http:\/\/www.sps-klimatechnik.de\/?page_id=149"},"modified":"2026-03-16T07:10:18","modified_gmt":"2026-03-16T06:10:18","slug":"impressum","status":"publish","type":"page","link":"https:\/\/www.sps-klimatechnik.de\/?page_id=149","title":{"rendered":"Impressum"},"content":{"rendered":"<h3>Angaben gem\u00e4\u00df \u00a7 5 TMG:<\/h3>\n<p>SPS Klimatechnische Verkaufs- und Beratungs GmbH<br \/>\nGr\u00fcnstra\u00dfe 32 A<br \/>\n40667 Meerbusch<\/p>\n<h3>Vertreten durch:<\/h3>\n<p>Gesch\u00e4ftsf\u00fchrer Stefan Eichenauer<\/p>\n<h3>Kontakt:<\/h3>\n<table>\n<tbody>\n<tr>\n<td>Telefon:<\/td>\n<td>02132 \/ 75 74 100<\/td>\n<\/tr>\n<tr>\n<td>Telefax:<\/td>\n<td>02132 \/ 75 74 120<\/td>\n<\/tr>\n<tr>\n<td>E-Mail:<\/td>\n<td>info@sps-klimatechnik.de<\/td>\n<\/tr>\n<\/tbody>\n<\/table>\n<h3>Registereintrag:<\/h3>\n<p>Eintragung im Handelsregister.<br \/>\nRegistergericht: Neuss<br \/>\nRegisternummer: 15424<\/p>\n<h3>Umsatzsteuer-ID:<\/h3>\n<p>Umsatzsteuer-Identifikationsnummer gem\u00e4\u00df \u00a727 a Umsatzsteuergesetz:<br \/>\nDE 182552858<\/p>\n<h2>Aufsichtsbeh\u00f6rde:<\/h2>\n<p>K\u00e4lte- und Klimatechnik-Innung Nordrhein<\/p>\n<p>Berufsbezeichnung: K\u00e4lte &#8211; Klimatechnik<br \/>\nZust\u00e4ndige Kammer: HWK D\u00fcsseldorf \/ IHK Krefeld<br \/>\nVerliehen durch: Bundesrepublik Deutschland<br \/>\nEs gelten folgende berufsrechtliche Regelungen: Handwerksordnung<br \/>\nRegelungen einsehbar unter: <a title=\"http:\/\/www.gesetze-im-internet.de\/bundesrecht\/hwo\/gesamt.pdf\" href=\"http:\/\/www.gesetze-im-internet.de\/bundesrecht\/hwo\/gesamt.pdf\" target=\"_blank\" rel=\"noopener\">http:\/\/www.gesetze-im-internet.de\/bundesrecht\/hwo\/gesamt.pdf<\/a><\/p>\n<h2>Angaben zur Berufshaftpflichtversicherung:<\/h2>\n<p>Name und Sitz der Gesellschaft:<br \/>\nVHV VersicherungenVHV-Platz 1<br \/>\n30177 Hannover<\/p>\n<p>Tel.: 0511 \/ 907 &#8211; 0<br \/>\nFax: 0511 \/ 907 &#8211; 89 99<br \/>\nE-Mail: info@vhv.de<\/p>\n<p>Geltungsraum der Versicherung:<br \/>\nBundesrepublik Deustchland<\/p>\n<h3>Hinweis auf EU-Streitschlichtung<\/h3>\n<p>Die Europ\u00e4ische Kommission stellt eine Plattform zur Online-Streitbeilegung (OS) bereit: <a href=\"http:\/\/ec.europa.eu\/consumers\/odr\">http:\/\/ec.europa.eu\/consumers\/odr<\/a><br \/>\nUnsere E-Mail-Adresse finden sie oben im Impressum.<\/p>\n<p>Quelle: <em><a href=\"https:\/\/www.e-recht24.de\">eRecht24<\/a><\/em><\/p>\n<h3>Konzeption, Programmierung und Umsetzung<\/h3>\n<p>Seiten-Werk GmbH<br \/>\nTempowerkring 1c<br \/>\n21079 Hamburg E-Mail:\u00a0<a href=\"mailto:dialog@seiten-werk.com\">dialog@seiten-werk.com<\/a><br \/>\nLink:\u00a0<a href=\"https:\/\/seiten-werk.com\/wordpress-wartung\/\" target=\"_blank\" rel=\"noopener noreferrer\">https:\/\/seiten-werk.com\/wordpress-wartung\/<\/a><\/p>\n","protected":false},"excerpt":{"rendered":"<p>Angaben gem\u00e4\u00df \u00a7 5 TMG: SPS Klimatechnische Verkaufs- und Beratungs GmbH Gr\u00fcnstra\u00dfe 32 A 40667 Meerbusch Vertreten durch: Gesch\u00e4ftsf\u00fchrer Stefan Eichenauer Kontakt: Telefon: 02132 \/ 75<span class=\"excerpt-hellip\"> [\u2026]<\/span><\/p>\n","protected":false},"author":1,"featured_media":0,"parent":0,"menu_order":0,"comment_status":"closed","ping_status":"open","template":"","meta":{"footnotes":""},"class_list":["post-149","page","type-page","status-publish","hentry"],"_links":{"self":[{"href":"https:\/\/www.sps-klimatechnik.de\/index.php?rest_route=\/wp\/v2\/pages\/149"}],"collection":[{"href":"https:\/\/www.sps-klimatechnik.de\/index.php?rest_route=\/wp\/v2\/pages"}],"about":[{"href":"https:\/\/www.sps-klimatechnik.de\/index.php?rest_route=\/wp\/v2\/types\/page"}],"author":[{"embeddable":true,"href":"https:\/\/www.sps-klimatechnik.de\/index.php?rest_route=\/wp\/v2\/users\/1"}],"replies":[{"embeddable":true,"href":"https:\/\/www.sps-klimatechnik.de\/index.php?rest_route=%2Fwp%2Fv2%2Fcomments&post=149"}],"version-history":[{"count":4,"href":"https:\/\/www.sps-klimatechnik.de\/index.php?rest_route=\/wp\/v2\/pages\/149\/revisions"}],"predecessor-version":[{"id":46858,"href":"https:\/\/www.sps-klimatechnik.de\/index.php?rest_route=\/wp\/v2\/pages\/149\/revisions\/46858"}],"wp:attachment":[{"href":"https:\/\/www.sps-klimatechnik.de\/index.php?rest_route=%2Fwp%2Fv2%2Fmedia&parent=149"}],"curies":[{"name":"wp","href":"https:\/\/api.w.org\/{rel}","templated":true}]}}